{"id":528,"date":"2022-10-07T08:39:52","date_gmt":"2022-10-07T06:39:52","guid":{"rendered":"http:\/\/192.168.1.3\/Preprod_OT\/?page_id=528"},"modified":"2023-04-11T10:09:40","modified_gmt":"2023-04-11T08:09:40","slug":"velo","status":"publish","type":"page","link":"https:\/\/falaisesdarmor.bzh\/index.php\/sports-culture-loisirs\/velo\/","title":{"rendered":"V\u00e9lo"},"content":{"rendered":"\n<div class=\"Page_menu_colonne container\">\n\n\n<style>.kb-posts-id-_b789d3-36 .kb-post-list-item{display:grid;}<\/style><ul class=\"wp-block-kadence-posts kb-posts kadence-posts-list kb-posts-id-_b789d3-36 content-wrap grid-cols kb-posts-style-boxed grid-sm-col-2 grid-lg-col-3 item-image-style-above\"><li class=\"kb-post-list-item\">\n\t<article class=\"entry content-bg loop-entry post-1196 post type-post status-publish format-standard has-post-thumbnail hentry category-velo\">\n\t\t\t\t<a aria-hidden=\"true\" tabindex=\"-1\" role=\"presentation\" class=\"post-thumbnail kadence-thumbnail-ratio-2-3\" href=\"https:\/\/falaisesdarmor.bzh\/index.php\/2023\/03\/03\/le-vtt\/\" aria-label=\"LE VTT\">\n\t\t\t<div class=\"post-thumbnail-inner\">\n\t\t\t\t<img fetchpriority=\"high\" decoding=\"async\" width=\"768\" height=\"1156\" src=\"https:\/\/falaisesdarmor.bzh\/wp-content\/uploads\/2023\/03\/G-Poulouin-Vtt-Blanchardeau-768x1156.jpg\" class=\"attachment-medium_large size-medium_large wp-post-image\" alt=\"LE VTT\" srcset=\"https:\/\/falaisesdarmor.bzh\/wp-content\/uploads\/2023\/03\/G-Poulouin-Vtt-Blanchardeau-768x1156.jpg 768w, https:\/\/falaisesdarmor.bzh\/wp-content\/uploads\/2023\/03\/G-Poulouin-Vtt-Blanchardeau-199x300.jpg 199w, https:\/\/falaisesdarmor.bzh\/wp-content\/uploads\/2023\/03\/G-Poulouin-Vtt-Blanchardeau-680x1024.jpg 680w, https:\/\/falaisesdarmor.bzh\/wp-content\/uploads\/2023\/03\/G-Poulouin-Vtt-Blanchardeau-1021x1536.jpg 1021w, https:\/\/falaisesdarmor.bzh\/wp-content\/uploads\/2023\/03\/G-Poulouin-Vtt-Blanchardeau.jpg 1329w\" sizes=\"(max-width: 768px) 100vw, 768px\" \/>\t\t\t<\/div>\n\t\t<\/a><!-- .post-thumbnail -->\n\t\t\t\t<div class=\"entry-content-wrap\">\n\t\t\t<header class=\"entry-header\">\n\t<h2 class=\"entry-title\"><a href=\"https:\/\/falaisesdarmor.bzh\/index.php\/2023\/03\/03\/le-vtt\/\" rel=\"bookmark\">LE VTT<\/a><\/h2><\/header><!-- .entry-header -->\n\t<div class=\"entry-summary\">\n\t\t<p>Plusieurs circuits selon votre niveau<\/p>\n\t<\/div><!-- .entry-summary -->\n\t<footer class=\"entry-footer\">\n\t\t\t<div class=\"entry-actions\">\n\t\t\t<p class=\"more-link-wrap\">\n\t\t\t\t<a href=\"https:\/\/falaisesdarmor.bzh\/index.php\/2023\/03\/03\/le-vtt\/\" class=\"post-more-link\">\n\t\t\t\t\tEn savoir plus<span class=\"screen-reader-text\"> LE VTT<\/span><span class=\"kadence-svg-iconset svg-baseline\"><svg aria-hidden=\"true\" class=\"kadence-svg-icon kadence-arrow-right-alt-svg\" fill=\"currentColor\" version=\"1.1\" xmlns=\"http:\/\/www.w3.org\/2000\/svg\" width=\"27\" height=\"28\" viewBox=\"0 0 27 28\"><title>Continuer<\/title><path d=\"M27 13.953c0 0.141-0.063 0.281-0.156 0.375l-6 5.531c-0.156 0.141-0.359 0.172-0.547 0.094-0.172-0.078-0.297-0.25-0.297-0.453v-3.5h-19.5c-0.281 0-0.5-0.219-0.5-0.5v-3c0-0.281 0.219-0.5 0.5-0.5h19.5v-3.5c0-0.203 0.109-0.375 0.297-0.453s0.391-0.047 0.547 0.078l6 5.469c0.094 0.094 0.156 0.219 0.156 0.359v0z\"><\/path>\n\t\t\t<\/svg><\/span>\t\t\t\t<\/a>\n\t\t\t<\/p>\n\t\t<\/div><!-- .entry-actions -->\n\t\t<\/footer><!-- .entry-footer -->\t\t<\/div>\n\t<\/article>\n<\/li>\n<li class=\"kb-post-list-item\">\n\t<article class=\"entry content-bg loop-entry post-1187 post type-post status-publish format-standard has-post-thumbnail hentry category-velo\">\n\t\t\t\t<a aria-hidden=\"true\" tabindex=\"-1\" role=\"presentation\" class=\"post-thumbnail kadence-thumbnail-ratio-2-3\" href=\"https:\/\/falaisesdarmor.bzh\/index.php\/2023\/03\/03\/la-velomaritime\/\" aria-label=\"LA VELOMARITIME\">\n\t\t\t<div class=\"post-thumbnail-inner\">\n\t\t\t\t<img decoding=\"async\" width=\"768\" height=\"766\" src=\"https:\/\/falaisesdarmor.bzh\/wp-content\/uploads\/2023\/03\/LAVELOMARITIME_Logo_RVB-768x766.png\" class=\"attachment-medium_large size-medium_large wp-post-image\" alt=\"LA VELOMARITIME\" srcset=\"https:\/\/falaisesdarmor.bzh\/wp-content\/uploads\/2023\/03\/LAVELOMARITIME_Logo_RVB-768x766.png 768w, https:\/\/falaisesdarmor.bzh\/wp-content\/uploads\/2023\/03\/LAVELOMARITIME_Logo_RVB-300x300.png 300w, https:\/\/falaisesdarmor.bzh\/wp-content\/uploads\/2023\/03\/LAVELOMARITIME_Logo_RVB-150x150.png 150w, https:\/\/falaisesdarmor.bzh\/wp-content\/uploads\/2023\/03\/LAVELOMARITIME_Logo_RVB-365x365.png 365w, https:\/\/falaisesdarmor.bzh\/wp-content\/uploads\/2023\/03\/LAVELOMARITIME_Logo_RVB.png 977w\" sizes=\"(max-width: 768px) 100vw, 768px\" \/>\t\t\t<\/div>\n\t\t<\/a><!-- .post-thumbnail -->\n\t\t\t\t<div class=\"entry-content-wrap\">\n\t\t\t<header class=\"entry-header\">\n\t<h2 class=\"entry-title\"><a href=\"https:\/\/falaisesdarmor.bzh\/index.php\/2023\/03\/03\/la-velomaritime\/\" rel=\"bookmark\">LA VELOMARITIME<\/a><\/h2><\/header><!-- .entry-header -->\n\t<div class=\"entry-summary\">\n\t\t<p>Voyagez de l\u2019Ukraine \u00e0 la Bretagne\u00a0en passant par Plouha !<\/p>\n\t<\/div><!-- .entry-summary -->\n\t<footer class=\"entry-footer\">\n\t\t\t<div class=\"entry-actions\">\n\t\t\t<p class=\"more-link-wrap\">\n\t\t\t\t<a href=\"https:\/\/falaisesdarmor.bzh\/index.php\/2023\/03\/03\/la-velomaritime\/\" class=\"post-more-link\">\n\t\t\t\t\tEn savoir plus<span class=\"screen-reader-text\"> LA VELOMARITIME<\/span><span class=\"kadence-svg-iconset svg-baseline\"><svg aria-hidden=\"true\" class=\"kadence-svg-icon kadence-arrow-right-alt-svg\" fill=\"currentColor\" version=\"1.1\" xmlns=\"http:\/\/www.w3.org\/2000\/svg\" width=\"27\" height=\"28\" viewBox=\"0 0 27 28\"><title>Continuer<\/title><path d=\"M27 13.953c0 0.141-0.063 0.281-0.156 0.375l-6 5.531c-0.156 0.141-0.359 0.172-0.547 0.094-0.172-0.078-0.297-0.25-0.297-0.453v-3.5h-19.5c-0.281 0-0.5-0.219-0.5-0.5v-3c0-0.281 0.219-0.5 0.5-0.5h19.5v-3.5c0-0.203 0.109-0.375 0.297-0.453s0.391-0.047 0.547 0.078l6 5.469c0.094 0.094 0.156 0.219 0.156 0.359v0z\"><\/path>\n\t\t\t<\/svg><\/span>\t\t\t\t<\/a>\n\t\t\t<\/p>\n\t\t<\/div><!-- .entry-actions -->\n\t\t<\/footer><!-- .entry-footer -->\t\t<\/div>\n\t<\/article>\n<\/li>\n<li class=\"kb-post-list-item\">\n\t<article class=\"entry content-bg loop-entry post-1141 post type-post status-publish format-standard has-post-thumbnail hentry category-velo\">\n\t\t\t\t<a aria-hidden=\"true\" tabindex=\"-1\" role=\"presentation\" class=\"post-thumbnail kadence-thumbnail-ratio-2-3\" href=\"https:\/\/falaisesdarmor.bzh\/index.php\/2023\/03\/01\/circuits-balade\/\" aria-label=\"INFOS BALADES\">\n\t\t\t<div class=\"post-thumbnail-inner\">\n\t\t\t\t<img decoding=\"async\" width=\"768\" height=\"1152\" src=\"https:\/\/falaisesdarmor.bzh\/wp-content\/uploads\/2023\/03\/Velo_fiche_Plouha-768x1152.jpg\" class=\"attachment-medium_large size-medium_large wp-post-image\" alt=\"INFOS BALADES\" srcset=\"https:\/\/falaisesdarmor.bzh\/wp-content\/uploads\/2023\/03\/Velo_fiche_Plouha-768x1152.jpg 768w, https:\/\/falaisesdarmor.bzh\/wp-content\/uploads\/2023\/03\/Velo_fiche_Plouha-200x300.jpg 200w, https:\/\/falaisesdarmor.bzh\/wp-content\/uploads\/2023\/03\/Velo_fiche_Plouha-682x1024.jpg 682w, https:\/\/falaisesdarmor.bzh\/wp-content\/uploads\/2023\/03\/Velo_fiche_Plouha-1024x1536.jpg 1024w, https:\/\/falaisesdarmor.bzh\/wp-content\/uploads\/2023\/03\/Velo_fiche_Plouha.jpg 1333w\" sizes=\"(max-width: 768px) 100vw, 768px\" \/>\t\t\t<\/div>\n\t\t<\/a><!-- .post-thumbnail -->\n\t\t\t\t<div class=\"entry-content-wrap\">\n\t\t\t<header class=\"entry-header\">\n\t<h2 class=\"entry-title\"><a href=\"https:\/\/falaisesdarmor.bzh\/index.php\/2023\/03\/01\/circuits-balade\/\" rel=\"bookmark\">INFOS BALADES<\/a><\/h2><\/header><!-- .entry-header -->\n\t<div class=\"entry-summary\">\n\t\t<p>Vous aimez faire du v\u00e9lo \u00e0 votre rythme, seul, en couple ou avec les enfants, sans craindre de vous perdre ou de croiser d\u2019autres v\u00e9hicules ? <\/p>\n\t<\/div><!-- .entry-summary -->\n\t<footer class=\"entry-footer\">\n\t\t\t<div class=\"entry-actions\">\n\t\t\t<p class=\"more-link-wrap\">\n\t\t\t\t<a href=\"https:\/\/falaisesdarmor.bzh\/index.php\/2023\/03\/01\/circuits-balade\/\" class=\"post-more-link\">\n\t\t\t\t\tEn savoir plus<span class=\"screen-reader-text\"> INFOS BALADES<\/span><span class=\"kadence-svg-iconset svg-baseline\"><svg aria-hidden=\"true\" class=\"kadence-svg-icon kadence-arrow-right-alt-svg\" fill=\"currentColor\" version=\"1.1\" xmlns=\"http:\/\/www.w3.org\/2000\/svg\" width=\"27\" height=\"28\" viewBox=\"0 0 27 28\"><title>Continuer<\/title><path d=\"M27 13.953c0 0.141-0.063 0.281-0.156 0.375l-6 5.531c-0.156 0.141-0.359 0.172-0.547 0.094-0.172-0.078-0.297-0.25-0.297-0.453v-3.5h-19.5c-0.281 0-0.5-0.219-0.5-0.5v-3c0-0.281 0.219-0.5 0.5-0.5h19.5v-3.5c0-0.203 0.109-0.375 0.297-0.453s0.391-0.047 0.547 0.078l6 5.469c0.094 0.094 0.156 0.219 0.156 0.359v0z\"><\/path>\n\t\t\t<\/svg><\/span>\t\t\t\t<\/a>\n\t\t\t<\/p>\n\t\t<\/div><!-- .entry-actions -->\n\t\t<\/footer><!-- .entry-footer -->\t\t<\/div>\n\t<\/article>\n<\/li>\n<li class=\"kb-post-list-item\">\n\t<article class=\"entry content-bg loop-entry post-1113 post type-post status-publish format-standard has-post-thumbnail hentry category-velo\">\n\t\t\t\t<a aria-hidden=\"true\" tabindex=\"-1\" role=\"presentation\" class=\"post-thumbnail kadence-thumbnail-ratio-2-3\" href=\"https:\/\/falaisesdarmor.bzh\/index.php\/2023\/02\/24\/le-tour-du-leff\/\" aria-label=\"LE TOUR DU LEFF\">\n\t\t\t<div class=\"post-thumbnail-inner\">\n\t\t\t\t<img loading=\"lazy\" decoding=\"async\" width=\"768\" height=\"512\" src=\"https:\/\/falaisesdarmor.bzh\/wp-content\/uploads\/2023\/02\/Pause-velo-bord-de-mer-768x512.jpg\" class=\"attachment-medium_large size-medium_large wp-post-image\" alt=\"LE TOUR DU LEFF\" srcset=\"https:\/\/falaisesdarmor.bzh\/wp-content\/uploads\/2023\/02\/Pause-velo-bord-de-mer-768x512.jpg 768w, https:\/\/falaisesdarmor.bzh\/wp-content\/uploads\/2023\/02\/Pause-velo-bord-de-mer-300x200.jpg 300w, https:\/\/falaisesdarmor.bzh\/wp-content\/uploads\/2023\/02\/Pause-velo-bord-de-mer-1024x682.jpg 1024w, https:\/\/falaisesdarmor.bzh\/wp-content\/uploads\/2023\/02\/Pause-velo-bord-de-mer-1536x1024.jpg 1536w, https:\/\/falaisesdarmor.bzh\/wp-content\/uploads\/2023\/02\/Pause-velo-bord-de-mer.jpg 2000w\" sizes=\"(max-width: 768px) 100vw, 768px\" \/>\t\t\t<\/div>\n\t\t<\/a><!-- .post-thumbnail -->\n\t\t\t\t<div class=\"entry-content-wrap\">\n\t\t\t<header class=\"entry-header\">\n\t<h2 class=\"entry-title\"><a href=\"https:\/\/falaisesdarmor.bzh\/index.php\/2023\/02\/24\/le-tour-du-leff\/\" rel=\"bookmark\">LE TOUR DU LEFF<\/a><\/h2><\/header><!-- .entry-header -->\n\t<div class=\"entry-summary\">\n\t\t<p>Si ce circuit peut \u00eatre emprunt\u00e9 au quotidien, il s\u2019agit aussi d\u2019un circuit touristique qui offre ses surprises !<\/p>\n\t<\/div><!-- .entry-summary -->\n\t<footer class=\"entry-footer\">\n\t\t\t<div class=\"entry-actions\">\n\t\t\t<p class=\"more-link-wrap\">\n\t\t\t\t<a href=\"https:\/\/falaisesdarmor.bzh\/index.php\/2023\/02\/24\/le-tour-du-leff\/\" class=\"post-more-link\">\n\t\t\t\t\tEn savoir plus<span class=\"screen-reader-text\"> LE TOUR DU LEFF<\/span><span class=\"kadence-svg-iconset svg-baseline\"><svg aria-hidden=\"true\" class=\"kadence-svg-icon kadence-arrow-right-alt-svg\" fill=\"currentColor\" version=\"1.1\" xmlns=\"http:\/\/www.w3.org\/2000\/svg\" width=\"27\" height=\"28\" viewBox=\"0 0 27 28\"><title>Continuer<\/title><path d=\"M27 13.953c0 0.141-0.063 0.281-0.156 0.375l-6 5.531c-0.156 0.141-0.359 0.172-0.547 0.094-0.172-0.078-0.297-0.25-0.297-0.453v-3.5h-19.5c-0.281 0-0.5-0.219-0.5-0.5v-3c0-0.281 0.219-0.5 0.5-0.5h19.5v-3.5c0-0.203 0.109-0.375 0.297-0.453s0.391-0.047 0.547 0.078l6 5.469c0.094 0.094 0.156 0.219 0.156 0.359v0z\"><\/path>\n\t\t\t<\/svg><\/span>\t\t\t\t<\/a>\n\t\t\t<\/p>\n\t\t<\/div><!-- .entry-actions -->\n\t\t<\/footer><!-- .entry-footer -->\t\t<\/div>\n\t<\/article>\n<\/li>\n<li class=\"kb-post-list-item\">\n\t<article class=\"entry content-bg loop-entry post-1101 post type-post status-publish format-standard has-post-thumbnail hentry category-velo\">\n\t\t\t\t<a aria-hidden=\"true\" tabindex=\"-1\" role=\"presentation\" class=\"post-thumbnail kadence-thumbnail-ratio-2-3\" href=\"https:\/\/falaisesdarmor.bzh\/index.php\/2023\/02\/24\/falaises-darmor-a-velo\/\" aria-label=\"FALAISES D&#8217;ARMOR A VELO\">\n\t\t\t<div class=\"post-thumbnail-inner\">\n\t\t\t\t<img loading=\"lazy\" decoding=\"async\" width=\"768\" height=\"768\" src=\"https:\/\/falaisesdarmor.bzh\/wp-content\/uploads\/2023\/02\/Deplacements-768x768.jpg\" class=\"attachment-medium_large size-medium_large wp-post-image\" alt=\"FALAISES D&#8217;ARMOR A VELO\" srcset=\"https:\/\/falaisesdarmor.bzh\/wp-content\/uploads\/2023\/02\/Deplacements-768x768.jpg 768w, https:\/\/falaisesdarmor.bzh\/wp-content\/uploads\/2023\/02\/Deplacements-300x300.jpg 300w, https:\/\/falaisesdarmor.bzh\/wp-content\/uploads\/2023\/02\/Deplacements-150x150.jpg 150w, https:\/\/falaisesdarmor.bzh\/wp-content\/uploads\/2023\/02\/Deplacements-730x730.jpg 730w, https:\/\/falaisesdarmor.bzh\/wp-content\/uploads\/2023\/02\/Deplacements-365x365.jpg 365w, https:\/\/falaisesdarmor.bzh\/wp-content\/uploads\/2023\/02\/Deplacements.jpg 1000w\" sizes=\"(max-width: 768px) 100vw, 768px\" \/>\t\t\t<\/div>\n\t\t<\/a><!-- .post-thumbnail -->\n\t\t\t\t<div class=\"entry-content-wrap\">\n\t\t\t<header class=\"entry-header\">\n\t<h2 class=\"entry-title\"><a href=\"https:\/\/falaisesdarmor.bzh\/index.php\/2023\/02\/24\/falaises-darmor-a-velo\/\" rel=\"bookmark\">FALAISES D&#8217;ARMOR A VELO<\/a><\/h2><\/header><!-- .entry-header -->\n\t<div class=\"entry-summary\">\n\t\t<p>Quittez les grands axes et empruntez nos jolies petites routes !<\/p>\n\t<\/div><!-- .entry-summary -->\n\t<footer class=\"entry-footer\">\n\t\t\t<div class=\"entry-actions\">\n\t\t\t<p class=\"more-link-wrap\">\n\t\t\t\t<a href=\"https:\/\/falaisesdarmor.bzh\/index.php\/2023\/02\/24\/falaises-darmor-a-velo\/\" class=\"post-more-link\">\n\t\t\t\t\tEn savoir plus<span class=\"screen-reader-text\"> FALAISES D&#8217;ARMOR A VELO<\/span><span class=\"kadence-svg-iconset svg-baseline\"><svg aria-hidden=\"true\" class=\"kadence-svg-icon kadence-arrow-right-alt-svg\" fill=\"currentColor\" version=\"1.1\" xmlns=\"http:\/\/www.w3.org\/2000\/svg\" width=\"27\" height=\"28\" viewBox=\"0 0 27 28\"><title>Continuer<\/title><path d=\"M27 13.953c0 0.141-0.063 0.281-0.156 0.375l-6 5.531c-0.156 0.141-0.359 0.172-0.547 0.094-0.172-0.078-0.297-0.25-0.297-0.453v-3.5h-19.5c-0.281 0-0.5-0.219-0.5-0.5v-3c0-0.281 0.219-0.5 0.5-0.5h19.5v-3.5c0-0.203 0.109-0.375 0.297-0.453s0.391-0.047 0.547 0.078l6 5.469c0.094 0.094 0.156 0.219 0.156 0.359v0z\"><\/path>\n\t\t\t<\/svg><\/span>\t\t\t\t<\/a>\n\t\t\t<\/p>\n\t\t<\/div><!-- .entry-actions -->\n\t\t<\/footer><!-- .entry-footer -->\t\t<\/div>\n\t<\/article>\n<\/li>\n<li class=\"kb-post-list-item\">\n\t<article class=\"entry content-bg loop-entry post-1413 post type-post status-publish format-standard has-post-thumbnail hentry category-territoire-engage category-velo\">\n\t\t\t\t<a aria-hidden=\"true\" tabindex=\"-1\" role=\"presentation\" class=\"post-thumbnail kadence-thumbnail-ratio-2-3\" href=\"https:\/\/falaisesdarmor.bzh\/index.php\/2022\/03\/10\/accueil-velo\/\" aria-label=\"ACCUEIL VELO\">\n\t\t\t<div class=\"post-thumbnail-inner\">\n\t\t\t\t<img loading=\"lazy\" decoding=\"async\" width=\"236\" height=\"314\" src=\"https:\/\/falaisesdarmor.bzh\/wp-content\/uploads\/2023\/03\/LOGO-ACCUEILVELO-CMJN.jpeg\" class=\"attachment-medium_large size-medium_large wp-post-image\" alt=\"ACCUEIL VELO\" srcset=\"https:\/\/falaisesdarmor.bzh\/wp-content\/uploads\/2023\/03\/LOGO-ACCUEILVELO-CMJN.jpeg 236w, https:\/\/falaisesdarmor.bzh\/wp-content\/uploads\/2023\/03\/LOGO-ACCUEILVELO-CMJN-225x300.jpeg 225w\" sizes=\"(max-width: 236px) 100vw, 236px\" \/>\t\t\t<\/div>\n\t\t<\/a><!-- .post-thumbnail -->\n\t\t\t\t<div class=\"entry-content-wrap\">\n\t\t\t<header class=\"entry-header\">\n\t<h2 class=\"entry-title\"><a href=\"https:\/\/falaisesdarmor.bzh\/index.php\/2022\/03\/10\/accueil-velo\/\" rel=\"bookmark\"><strong>ACCUEIL VELO<\/strong><\/a><\/h2><\/header><!-- .entry-header -->\n\t<div class=\"entry-summary\">\n\t\t<p>Un r\u00e9seau de partenaires pour organiser votre itin\u00e9rance \u00e0 v\u00e9lo.<\/p>\n\t<\/div><!-- .entry-summary -->\n\t<footer class=\"entry-footer\">\n\t\t\t<div class=\"entry-actions\">\n\t\t\t<p class=\"more-link-wrap\">\n\t\t\t\t<a href=\"https:\/\/falaisesdarmor.bzh\/index.php\/2022\/03\/10\/accueil-velo\/\" class=\"post-more-link\">\n\t\t\t\t\tEn savoir plus<span class=\"screen-reader-text\"> ACCUEIL VELO<\/span><span class=\"kadence-svg-iconset svg-baseline\"><svg aria-hidden=\"true\" class=\"kadence-svg-icon kadence-arrow-right-alt-svg\" fill=\"currentColor\" version=\"1.1\" xmlns=\"http:\/\/www.w3.org\/2000\/svg\" width=\"27\" height=\"28\" viewBox=\"0 0 27 28\"><title>Continuer<\/title><path d=\"M27 13.953c0 0.141-0.063 0.281-0.156 0.375l-6 5.531c-0.156 0.141-0.359 0.172-0.547 0.094-0.172-0.078-0.297-0.25-0.297-0.453v-3.5h-19.5c-0.281 0-0.5-0.219-0.5-0.5v-3c0-0.281 0.219-0.5 0.5-0.5h19.5v-3.5c0-0.203 0.109-0.375 0.297-0.453s0.391-0.047 0.547 0.078l6 5.469c0.094 0.094 0.156 0.219 0.156 0.359v0z\"><\/path>\n\t\t\t<\/svg><\/span>\t\t\t\t<\/a>\n\t\t\t<\/p>\n\t\t<\/div><!-- .entry-actions -->\n\t\t<\/footer><!-- .entry-footer -->\t\t<\/div>\n\t<\/article>\n<\/li>\n<\/ul>\n\n","protected":false},"excerpt":{"rendered":"","protected":false},"author":1,"featured_media":0,"parent":442,"menu_order":3,"comment_status":"closed","ping_status":"closed","template":"elementor_theme","meta":{"kt_blocks_editor_width":"","footnotes":""},"class_list":["post-528","page","type-page","status-publish","hentry"],"yoast_head":"<!-- This site is optimized with the Yoast SEO plugin v27.3 - https:\/\/yoast.com\/product\/yoast-seo-wordpress\/ -->\n<title>V\u00e9lo | Falaises d&#039;Armor<\/title>\n<meta name=\"robots\" content=\"index, follow, max-snippet:-1, max-image-preview:large, max-video-preview:-1\" \/>\n<link rel=\"canonical\" href=\"https:\/\/falaisesdarmor.bzh\/index.php\/sports-culture-loisirs\/velo\/\" \/>\n<meta property=\"og:locale\" content=\"fr_FR\" \/>\n<meta property=\"og:type\" content=\"article\" \/>\n<meta property=\"og:title\" content=\"V\u00e9lo | Falaises d&#039;Armor\" \/>\n<meta property=\"og:url\" content=\"https:\/\/falaisesdarmor.bzh\/index.php\/sports-culture-loisirs\/velo\/\" \/>\n<meta property=\"og:site_name\" content=\"Falaises d&#039;Armor\" \/>\n<meta property=\"article:publisher\" content=\"https:\/\/www.facebook.com\/FalaisesdArmor\" \/>\n<meta property=\"article:modified_time\" content=\"2023-04-11T08:09:40+00:00\" \/>\n<meta name=\"twitter:card\" content=\"summary_large_image\" \/>\n<meta name=\"twitter:site\" content=\"@Falaisesdarmor\" \/>\n<script type=\"application\/ld+json\" class=\"yoast-schema-graph\">{\"@context\":\"https:\\\/\\\/schema.org\",\"@graph\":[{\"@type\":\"WebPage\",\"@id\":\"https:\\\/\\\/falaisesdarmor.bzh\\\/index.php\\\/sports-culture-loisirs\\\/velo\\\/\",\"url\":\"https:\\\/\\\/falaisesdarmor.bzh\\\/index.php\\\/sports-culture-loisirs\\\/velo\\\/\",\"name\":\"V\u00e9lo | Falaises d&#039;Armor\",\"isPartOf\":{\"@id\":\"https:\\\/\\\/falaisesdarmor.bzh\\\/#website\"},\"datePublished\":\"2022-10-07T06:39:52+00:00\",\"dateModified\":\"2023-04-11T08:09:40+00:00\",\"breadcrumb\":{\"@id\":\"https:\\\/\\\/falaisesdarmor.bzh\\\/index.php\\\/sports-culture-loisirs\\\/velo\\\/#breadcrumb\"},\"inLanguage\":\"fr-FR\",\"potentialAction\":[{\"@type\":\"ReadAction\",\"target\":[\"https:\\\/\\\/falaisesdarmor.bzh\\\/index.php\\\/sports-culture-loisirs\\\/velo\\\/\"]}]},{\"@type\":\"BreadcrumbList\",\"@id\":\"https:\\\/\\\/falaisesdarmor.bzh\\\/index.php\\\/sports-culture-loisirs\\\/velo\\\/#breadcrumb\",\"itemListElement\":[{\"@type\":\"ListItem\",\"position\":1,\"name\":\"Accueil\",\"item\":\"https:\\\/\\\/falaisesdarmor.bzh\\\/\"},{\"@type\":\"ListItem\",\"position\":2,\"name\":\"Sports, culture et loisirs\",\"item\":\"https:\\\/\\\/falaisesdarmor.bzh\\\/index.php\\\/sports-culture-loisirs\\\/\"},{\"@type\":\"ListItem\",\"position\":3,\"name\":\"V\u00e9lo\"}]},{\"@type\":\"WebSite\",\"@id\":\"https:\\\/\\\/falaisesdarmor.bzh\\\/#website\",\"url\":\"https:\\\/\\\/falaisesdarmor.bzh\\\/\",\"name\":\"Falaises d&#039;Armor\",\"description\":\": Pur BZH!\",\"publisher\":{\"@id\":\"https:\\\/\\\/falaisesdarmor.bzh\\\/#organization\"},\"potentialAction\":[{\"@type\":\"SearchAction\",\"target\":{\"@type\":\"EntryPoint\",\"urlTemplate\":\"https:\\\/\\\/falaisesdarmor.bzh\\\/?s={search_term_string}\"},\"query-input\":{\"@type\":\"PropertyValueSpecification\",\"valueRequired\":true,\"valueName\":\"search_term_string\"}}],\"inLanguage\":\"fr-FR\"},{\"@type\":\"Organization\",\"@id\":\"https:\\\/\\\/falaisesdarmor.bzh\\\/#organization\",\"name\":\"Falaises d&#039;Armor\",\"url\":\"https:\\\/\\\/falaisesdarmor.bzh\\\/\",\"logo\":{\"@type\":\"ImageObject\",\"inLanguage\":\"fr-FR\",\"@id\":\"https:\\\/\\\/falaisesdarmor.bzh\\\/#\\\/schema\\\/logo\\\/image\\\/\",\"url\":\"https:\\\/\\\/falaisesdarmor.bzh\\\/wp-content\\\/uploads\\\/2022\\\/04\\\/cropped-Logo_Falaise_Armor.png\",\"contentUrl\":\"https:\\\/\\\/falaisesdarmor.bzh\\\/wp-content\\\/uploads\\\/2022\\\/04\\\/cropped-Logo_Falaise_Armor.png\",\"width\":214,\"height\":187,\"caption\":\"Falaises d&#039;Armor\"},\"image\":{\"@id\":\"https:\\\/\\\/falaisesdarmor.bzh\\\/#\\\/schema\\\/logo\\\/image\\\/\"},\"sameAs\":[\"https:\\\/\\\/www.facebook.com\\\/FalaisesdArmor\",\"https:\\\/\\\/x.com\\\/Falaisesdarmor\"]}]}<\/script>\n<!-- \/ Yoast SEO plugin. -->","yoast_head_json":{"title":"V\u00e9lo | Falaises d&#039;Armor","robots":{"index":"index","follow":"follow","max-snippet":"max-snippet:-1","max-image-preview":"max-image-preview:large","max-video-preview":"max-video-preview:-1"},"canonical":"https:\/\/falaisesdarmor.bzh\/index.php\/sports-culture-loisirs\/velo\/","og_locale":"fr_FR","og_type":"article","og_title":"V\u00e9lo | Falaises d&#039;Armor","og_url":"https:\/\/falaisesdarmor.bzh\/index.php\/sports-culture-loisirs\/velo\/","og_site_name":"Falaises d&#039;Armor","article_publisher":"https:\/\/www.facebook.com\/FalaisesdArmor","article_modified_time":"2023-04-11T08:09:40+00:00","twitter_card":"summary_large_image","twitter_site":"@Falaisesdarmor","schema":{"@context":"https:\/\/schema.org","@graph":[{"@type":"WebPage","@id":"https:\/\/falaisesdarmor.bzh\/index.php\/sports-culture-loisirs\/velo\/","url":"https:\/\/falaisesdarmor.bzh\/index.php\/sports-culture-loisirs\/velo\/","name":"V\u00e9lo | Falaises d&#039;Armor","isPartOf":{"@id":"https:\/\/falaisesdarmor.bzh\/#website"},"datePublished":"2022-10-07T06:39:52+00:00","dateModified":"2023-04-11T08:09:40+00:00","breadcrumb":{"@id":"https:\/\/falaisesdarmor.bzh\/index.php\/sports-culture-loisirs\/velo\/#breadcrumb"},"inLanguage":"fr-FR","potentialAction":[{"@type":"ReadAction","target":["https:\/\/falaisesdarmor.bzh\/index.php\/sports-culture-loisirs\/velo\/"]}]},{"@type":"BreadcrumbList","@id":"https:\/\/falaisesdarmor.bzh\/index.php\/sports-culture-loisirs\/velo\/#breadcrumb","itemListElement":[{"@type":"ListItem","position":1,"name":"Accueil","item":"https:\/\/falaisesdarmor.bzh\/"},{"@type":"ListItem","position":2,"name":"Sports, culture et loisirs","item":"https:\/\/falaisesdarmor.bzh\/index.php\/sports-culture-loisirs\/"},{"@type":"ListItem","position":3,"name":"V\u00e9lo"}]},{"@type":"WebSite","@id":"https:\/\/falaisesdarmor.bzh\/#website","url":"https:\/\/falaisesdarmor.bzh\/","name":"Falaises d&#039;Armor","description":": Pur BZH!","publisher":{"@id":"https:\/\/falaisesdarmor.bzh\/#organization"},"potentialAction":[{"@type":"SearchAction","target":{"@type":"EntryPoint","urlTemplate":"https:\/\/falaisesdarmor.bzh\/?s={search_term_string}"},"query-input":{"@type":"PropertyValueSpecification","valueRequired":true,"valueName":"search_term_string"}}],"inLanguage":"fr-FR"},{"@type":"Organization","@id":"https:\/\/falaisesdarmor.bzh\/#organization","name":"Falaises d&#039;Armor","url":"https:\/\/falaisesdarmor.bzh\/","logo":{"@type":"ImageObject","inLanguage":"fr-FR","@id":"https:\/\/falaisesdarmor.bzh\/#\/schema\/logo\/image\/","url":"https:\/\/falaisesdarmor.bzh\/wp-content\/uploads\/2022\/04\/cropped-Logo_Falaise_Armor.png","contentUrl":"https:\/\/falaisesdarmor.bzh\/wp-content\/uploads\/2022\/04\/cropped-Logo_Falaise_Armor.png","width":214,"height":187,"caption":"Falaises d&#039;Armor"},"image":{"@id":"https:\/\/falaisesdarmor.bzh\/#\/schema\/logo\/image\/"},"sameAs":["https:\/\/www.facebook.com\/FalaisesdArmor","https:\/\/x.com\/Falaisesdarmor"]}]}},"_links":{"self":[{"href":"https:\/\/falaisesdarmor.bzh\/index.php\/wp-json\/wp\/v2\/pages\/528","targetHints":{"allow":["GET"]}}],"collection":[{"href":"https:\/\/falaisesdarmor.bzh\/index.php\/wp-json\/wp\/v2\/pages"}],"about":[{"href":"https:\/\/falaisesdarmor.bzh\/index.php\/wp-json\/wp\/v2\/types\/page"}],"author":[{"embeddable":true,"href":"https:\/\/falaisesdarmor.bzh\/index.php\/wp-json\/wp\/v2\/users\/1"}],"replies":[{"embeddable":true,"href":"https:\/\/falaisesdarmor.bzh\/index.php\/wp-json\/wp\/v2\/comments?post=528"}],"version-history":[{"count":5,"href":"https:\/\/falaisesdarmor.bzh\/index.php\/wp-json\/wp\/v2\/pages\/528\/revisions"}],"predecessor-version":[{"id":1657,"href":"https:\/\/falaisesdarmor.bzh\/index.php\/wp-json\/wp\/v2\/pages\/528\/revisions\/1657"}],"up":[{"embeddable":true,"href":"https:\/\/falaisesdarmor.bzh\/index.php\/wp-json\/wp\/v2\/pages\/442"}],"wp:attachment":[{"href":"https:\/\/falaisesdarmor.bzh\/index.php\/wp-json\/wp\/v2\/media?parent=528"}],"curies":[{"name":"wp","href":"https:\/\/api.w.org\/{rel}","templated":true}]}}