{"id":393,"date":"2022-10-06T15:34:19","date_gmt":"2022-10-06T13:34:19","guid":{"rendered":"http:\/\/192.168.1.3\/Preprod_OT\/?page_id=393"},"modified":"2022-10-10T11:01:48","modified_gmt":"2022-10-10T09:01:48","slug":"territoire-engage","status":"publish","type":"page","link":"https:\/\/falaisesdarmor.bzh\/index.php\/territoire-engage\/","title":{"rendered":"Territoire engag\u00e9"},"content":{"rendered":"\n<div class=\"Page_menu_colonne container\">\n\n\n<style>.kb-posts-id-_3983e3-03 .kb-post-list-item{display:grid;}<\/style><ul class=\"wp-block-kadence-posts kb-posts kadence-posts-list kb-posts-id-_3983e3-03 content-wrap grid-cols kb-posts-style-boxed grid-sm-col-2 grid-lg-col-3 item-image-style-above\"><li class=\"kb-post-list-item\">\n\t<article class=\"entry content-bg loop-entry post-1741 post type-post status-publish format-standard has-post-thumbnail hentry category-les-pepites category-territoire-engage\">\n\t\t\t\t<a aria-hidden=\"true\" tabindex=\"-1\" role=\"presentation\" class=\"post-thumbnail kadence-thumbnail-ratio-2-3\" href=\"https:\/\/falaisesdarmor.bzh\/index.php\/2026\/01\/14\/la-pointe-de-plouha-les-plus-hautes-falaises-de-bretagne\/\" aria-label=\"LES FALAISES\">\n\t\t\t<div class=\"post-thumbnail-inner\">\n\t\t\t\t<img fetchpriority=\"high\" decoding=\"async\" width=\"768\" height=\"834\" src=\"https:\/\/falaisesdarmor.bzh\/wp-content\/uploads\/2023\/04\/Pointe-de-Plouha-768x834.jpg\" class=\"attachment-medium_large size-medium_large wp-post-image\" alt=\"LES FALAISES\" srcset=\"https:\/\/falaisesdarmor.bzh\/wp-content\/uploads\/2023\/04\/Pointe-de-Plouha-768x834.jpg 768w, https:\/\/falaisesdarmor.bzh\/wp-content\/uploads\/2023\/04\/Pointe-de-Plouha-276x300.jpg 276w, https:\/\/falaisesdarmor.bzh\/wp-content\/uploads\/2023\/04\/Pointe-de-Plouha.jpg 843w\" sizes=\"(max-width: 768px) 100vw, 768px\" \/>\t\t\t<\/div>\n\t\t<\/a><!-- .post-thumbnail -->\n\t\t\t\t<div class=\"entry-content-wrap\">\n\t\t\t<header class=\"entry-header\">\n\t<h2 class=\"entry-title\"><a href=\"https:\/\/falaisesdarmor.bzh\/index.php\/2026\/01\/14\/la-pointe-de-plouha-les-plus-hautes-falaises-de-bretagne\/\" rel=\"bookmark\">LES FALAISES<\/a><\/h2><\/header><!-- .entry-header -->\n\t<div class=\"entry-summary\">\n\t\t<p>Les plus hautes falaises de Bretagne culminant \u00e0 104 m\u00e8tres, \u00e0 la Pointe de Plouha !<\/p>\n\t<\/div><!-- .entry-summary -->\n\t<footer class=\"entry-footer\">\n\t\t\t<div class=\"entry-actions\">\n\t\t\t<p class=\"more-link-wrap\">\n\t\t\t\t<a href=\"https:\/\/falaisesdarmor.bzh\/index.php\/2026\/01\/14\/la-pointe-de-plouha-les-plus-hautes-falaises-de-bretagne\/\" class=\"post-more-link\">\n\t\t\t\t\tEn savoir plus<span class=\"screen-reader-text\"> LES FALAISES<\/span><span class=\"kadence-svg-iconset svg-baseline\"><svg aria-hidden=\"true\" class=\"kadence-svg-icon kadence-arrow-right-alt-svg\" fill=\"currentColor\" version=\"1.1\" xmlns=\"http:\/\/www.w3.org\/2000\/svg\" width=\"27\" height=\"28\" viewBox=\"0 0 27 28\"><title>Continuer<\/title><path d=\"M27 13.953c0 0.141-0.063 0.281-0.156 0.375l-6 5.531c-0.156 0.141-0.359 0.172-0.547 0.094-0.172-0.078-0.297-0.25-0.297-0.453v-3.5h-19.5c-0.281 0-0.5-0.219-0.5-0.5v-3c0-0.281 0.219-0.5 0.5-0.5h19.5v-3.5c0-0.203 0.109-0.375 0.297-0.453s0.391-0.047 0.547 0.078l6 5.469c0.094 0.094 0.156 0.219 0.156 0.359v0z\"><\/path>\n\t\t\t<\/svg><\/span>\t\t\t\t<\/a>\n\t\t\t<\/p>\n\t\t<\/div><!-- .entry-actions -->\n\t\t<\/footer><!-- .entry-footer -->\t\t<\/div>\n\t<\/article>\n<\/li>\n<li class=\"kb-post-list-item\">\n\t<article class=\"entry content-bg loop-entry post-4650 post type-post status-publish format-standard has-post-thumbnail hentry category-non-classe-fr category-territoire-engage\">\n\t\t\t\t<a aria-hidden=\"true\" tabindex=\"-1\" role=\"presentation\" class=\"post-thumbnail kadence-thumbnail-ratio-2-3\" href=\"https:\/\/falaisesdarmor.bzh\/index.php\/2025\/12\/19\/tourisme-pour-tous\/\" aria-label=\"TOURISME POUR TOUS\">\n\t\t\t<div class=\"post-thumbnail-inner\">\n\t\t\t\t<img decoding=\"async\" width=\"768\" height=\"722\" src=\"https:\/\/falaisesdarmor.bzh\/wp-content\/uploads\/2025\/12\/logos-4-handicaps-noir-blanc-768x722.jpg\" class=\"attachment-medium_large size-medium_large wp-post-image\" alt=\"TOURISME POUR TOUS\" srcset=\"https:\/\/falaisesdarmor.bzh\/wp-content\/uploads\/2025\/12\/logos-4-handicaps-noir-blanc-768x722.jpg 768w, https:\/\/falaisesdarmor.bzh\/wp-content\/uploads\/2025\/12\/logos-4-handicaps-noir-blanc-300x282.jpg 300w, https:\/\/falaisesdarmor.bzh\/wp-content\/uploads\/2025\/12\/logos-4-handicaps-noir-blanc-1024x962.jpg 1024w, https:\/\/falaisesdarmor.bzh\/wp-content\/uploads\/2025\/12\/logos-4-handicaps-noir-blanc.jpg 1097w\" sizes=\"(max-width: 768px) 100vw, 768px\" \/>\t\t\t<\/div>\n\t\t<\/a><!-- .post-thumbnail -->\n\t\t\t\t<div class=\"entry-content-wrap\">\n\t\t\t<header class=\"entry-header\">\n\t<h2 class=\"entry-title\"><a href=\"https:\/\/falaisesdarmor.bzh\/index.php\/2025\/12\/19\/tourisme-pour-tous\/\" rel=\"bookmark\">TOURISME POUR TOUS<\/a><\/h2><\/header><!-- .entry-header -->\n\t<div class=\"entry-summary\">\n\t\t<p>L&#8217;Office de Tourisme Falaises d&#8217;Armor met tout en oeuvre pour que chacun puisse profiter de son s\u00e9jour chez nous. <\/p>\n\t<\/div><!-- .entry-summary -->\n\t<footer class=\"entry-footer\">\n\t\t\t<div class=\"entry-actions\">\n\t\t\t<p class=\"more-link-wrap\">\n\t\t\t\t<a href=\"https:\/\/falaisesdarmor.bzh\/index.php\/2025\/12\/19\/tourisme-pour-tous\/\" class=\"post-more-link\">\n\t\t\t\t\tEn savoir plus<span class=\"screen-reader-text\"> TOURISME POUR TOUS<\/span><span class=\"kadence-svg-iconset svg-baseline\"><svg aria-hidden=\"true\" class=\"kadence-svg-icon kadence-arrow-right-alt-svg\" fill=\"currentColor\" version=\"1.1\" xmlns=\"http:\/\/www.w3.org\/2000\/svg\" width=\"27\" height=\"28\" viewBox=\"0 0 27 28\"><title>Continuer<\/title><path d=\"M27 13.953c0 0.141-0.063 0.281-0.156 0.375l-6 5.531c-0.156 0.141-0.359 0.172-0.547 0.094-0.172-0.078-0.297-0.25-0.297-0.453v-3.5h-19.5c-0.281 0-0.5-0.219-0.5-0.5v-3c0-0.281 0.219-0.5 0.5-0.5h19.5v-3.5c0-0.203 0.109-0.375 0.297-0.453s0.391-0.047 0.547 0.078l6 5.469c0.094 0.094 0.156 0.219 0.156 0.359v0z\"><\/path>\n\t\t\t<\/svg><\/span>\t\t\t\t<\/a>\n\t\t\t<\/p>\n\t\t<\/div><!-- .entry-actions -->\n\t\t<\/footer><!-- .entry-footer -->\t\t<\/div>\n\t<\/article>\n<\/li>\n<li class=\"kb-post-list-item\">\n\t<article class=\"entry content-bg loop-entry post-3945 post type-post status-publish format-standard has-post-thumbnail hentry category-bienvenue-a-loffice-de-tourisme-nos-services category-telechargement-et-documentations category-territoire-engage\">\n\t\t\t\t<a aria-hidden=\"true\" tabindex=\"-1\" role=\"presentation\" class=\"post-thumbnail kadence-thumbnail-ratio-2-3\" href=\"https:\/\/falaisesdarmor.bzh\/index.php\/2024\/11\/27\/toutourisme\/\" aria-label=\"TOUTOURISME\">\n\t\t\t<div class=\"post-thumbnail-inner\">\n\t\t\t\t<img decoding=\"async\" width=\"119\" height=\"220\" src=\"https:\/\/falaisesdarmor.bzh\/wp-content\/uploads\/2024\/11\/LOGO-TOUTOURISME-OTFA.jpg\" class=\"attachment-medium_large size-medium_large wp-post-image\" alt=\"TOUTOURISME\" \/>\t\t\t<\/div>\n\t\t<\/a><!-- .post-thumbnail -->\n\t\t\t\t<div class=\"entry-content-wrap\">\n\t\t\t<header class=\"entry-header\">\n\t<h2 class=\"entry-title\"><a href=\"https:\/\/falaisesdarmor.bzh\/index.php\/2024\/11\/27\/toutourisme\/\" rel=\"bookmark\">TOUTOURISME<\/a><\/h2><\/header><!-- .entry-header -->\n\t<div class=\"entry-summary\">\n\t\t<p>L\u2019Office de Tourisme Falaises d\u2019Armor a rejoint le r\u00e9seau Toutourisme !<\/p>\n\t<\/div><!-- .entry-summary -->\n\t<footer class=\"entry-footer\">\n\t\t\t<div class=\"entry-actions\">\n\t\t\t<p class=\"more-link-wrap\">\n\t\t\t\t<a href=\"https:\/\/falaisesdarmor.bzh\/index.php\/2024\/11\/27\/toutourisme\/\" class=\"post-more-link\">\n\t\t\t\t\tEn savoir plus<span class=\"screen-reader-text\"> TOUTOURISME<\/span><span class=\"kadence-svg-iconset svg-baseline\"><svg aria-hidden=\"true\" class=\"kadence-svg-icon kadence-arrow-right-alt-svg\" fill=\"currentColor\" version=\"1.1\" xmlns=\"http:\/\/www.w3.org\/2000\/svg\" width=\"27\" height=\"28\" viewBox=\"0 0 27 28\"><title>Continuer<\/title><path d=\"M27 13.953c0 0.141-0.063 0.281-0.156 0.375l-6 5.531c-0.156 0.141-0.359 0.172-0.547 0.094-0.172-0.078-0.297-0.25-0.297-0.453v-3.5h-19.5c-0.281 0-0.5-0.219-0.5-0.5v-3c0-0.281 0.219-0.5 0.5-0.5h19.5v-3.5c0-0.203 0.109-0.375 0.297-0.453s0.391-0.047 0.547 0.078l6 5.469c0.094 0.094 0.156 0.219 0.156 0.359v0z\"><\/path>\n\t\t\t<\/svg><\/span>\t\t\t\t<\/a>\n\t\t\t<\/p>\n\t\t<\/div><!-- .entry-actions -->\n\t\t<\/footer><!-- .entry-footer -->\t\t<\/div>\n\t<\/article>\n<\/li>\n<li class=\"kb-post-list-item\">\n\t<article class=\"entry content-bg loop-entry post-2424 post type-post status-publish format-standard has-post-thumbnail hentry category-territoire-engage\">\n\t\t\t\t<a aria-hidden=\"true\" tabindex=\"-1\" role=\"presentation\" class=\"post-thumbnail kadence-thumbnail-ratio-2-3\" href=\"https:\/\/falaisesdarmor.bzh\/index.php\/2023\/04\/13\/eau-la-la\/\" aria-label=\"EAU LA LA\">\n\t\t\t<div class=\"post-thumbnail-inner\">\n\t\t\t\t<img loading=\"lazy\" decoding=\"async\" width=\"768\" height=\"1076\" src=\"https:\/\/falaisesdarmor.bzh\/wp-content\/uploads\/2023\/07\/EAU-LA-LA_page-0001-768x1076.jpg\" class=\"attachment-medium_large size-medium_large wp-post-image\" alt=\"EAU LA LA\" srcset=\"https:\/\/falaisesdarmor.bzh\/wp-content\/uploads\/2023\/07\/EAU-LA-LA_page-0001-768x1076.jpg 768w, https:\/\/falaisesdarmor.bzh\/wp-content\/uploads\/2023\/07\/EAU-LA-LA_page-0001-214x300.jpg 214w, https:\/\/falaisesdarmor.bzh\/wp-content\/uploads\/2023\/07\/EAU-LA-LA_page-0001-731x1024.jpg 731w, https:\/\/falaisesdarmor.bzh\/wp-content\/uploads\/2023\/07\/EAU-LA-LA_page-0001.jpg 886w\" sizes=\"(max-width: 768px) 100vw, 768px\" \/>\t\t\t<\/div>\n\t\t<\/a><!-- .post-thumbnail -->\n\t\t\t\t<div class=\"entry-content-wrap\">\n\t\t\t<header class=\"entry-header\">\n\t<h2 class=\"entry-title\"><a href=\"https:\/\/falaisesdarmor.bzh\/index.php\/2023\/04\/13\/eau-la-la\/\" rel=\"bookmark\">EAU LA LA<\/a><\/h2><\/header><!-- .entry-header -->\n\t<div class=\"entry-summary\">\n\t\t<p>Les beaux gestes qui prot\u00e8gent la mer !<\/p>\n\t<\/div><!-- .entry-summary -->\n\t<footer class=\"entry-footer\">\n\t\t\t<div class=\"entry-actions\">\n\t\t\t<p class=\"more-link-wrap\">\n\t\t\t\t<a href=\"https:\/\/falaisesdarmor.bzh\/index.php\/2023\/04\/13\/eau-la-la\/\" class=\"post-more-link\">\n\t\t\t\t\tEn savoir plus<span class=\"screen-reader-text\"> EAU LA LA<\/span><span class=\"kadence-svg-iconset svg-baseline\"><svg aria-hidden=\"true\" class=\"kadence-svg-icon kadence-arrow-right-alt-svg\" fill=\"currentColor\" version=\"1.1\" xmlns=\"http:\/\/www.w3.org\/2000\/svg\" width=\"27\" height=\"28\" viewBox=\"0 0 27 28\"><title>Continuer<\/title><path d=\"M27 13.953c0 0.141-0.063 0.281-0.156 0.375l-6 5.531c-0.156 0.141-0.359 0.172-0.547 0.094-0.172-0.078-0.297-0.25-0.297-0.453v-3.5h-19.5c-0.281 0-0.5-0.219-0.5-0.5v-3c0-0.281 0.219-0.5 0.5-0.5h19.5v-3.5c0-0.203 0.109-0.375 0.297-0.453s0.391-0.047 0.547 0.078l6 5.469c0.094 0.094 0.156 0.219 0.156 0.359v0z\"><\/path>\n\t\t\t<\/svg><\/span>\t\t\t\t<\/a>\n\t\t\t<\/p>\n\t\t<\/div><!-- .entry-actions -->\n\t\t<\/footer><!-- .entry-footer -->\t\t<\/div>\n\t<\/article>\n<\/li>\n<li class=\"kb-post-list-item\">\n\t<article class=\"entry content-bg loop-entry post-1385 post type-post status-publish format-standard has-post-thumbnail hentry category-territoire-engage\">\n\t\t\t\t<a aria-hidden=\"true\" tabindex=\"-1\" role=\"presentation\" class=\"post-thumbnail kadence-thumbnail-ratio-2-3\" href=\"https:\/\/falaisesdarmor.bzh\/index.php\/2023\/04\/12\/la-charte-du-voyageur-en-bretagne\/\" aria-label=\"LA CHARTE DU VOYAGEUR\">\n\t\t\t<div class=\"post-thumbnail-inner\">\n\t\t\t\t<img loading=\"lazy\" decoding=\"async\" width=\"768\" height=\"1078\" src=\"https:\/\/falaisesdarmor.bzh\/wp-content\/uploads\/2023\/03\/CRT-affiche-charte-du-voyageur-A4-1-768x1078.jpg\" class=\"attachment-medium_large size-medium_large wp-post-image\" alt=\"LA CHARTE DU VOYAGEUR\" srcset=\"https:\/\/falaisesdarmor.bzh\/wp-content\/uploads\/2023\/03\/CRT-affiche-charte-du-voyageur-A4-1-768x1078.jpg 768w, https:\/\/falaisesdarmor.bzh\/wp-content\/uploads\/2023\/03\/CRT-affiche-charte-du-voyageur-A4-1-214x300.jpg 214w, https:\/\/falaisesdarmor.bzh\/wp-content\/uploads\/2023\/03\/CRT-affiche-charte-du-voyageur-A4-1-730x1024.jpg 730w, https:\/\/falaisesdarmor.bzh\/wp-content\/uploads\/2023\/03\/CRT-affiche-charte-du-voyageur-A4-1-1094x1536.jpg 1094w, https:\/\/falaisesdarmor.bzh\/wp-content\/uploads\/2023\/03\/CRT-affiche-charte-du-voyageur-A4-1.jpg 1425w\" sizes=\"(max-width: 768px) 100vw, 768px\" \/>\t\t\t<\/div>\n\t\t<\/a><!-- .post-thumbnail -->\n\t\t\t\t<div class=\"entry-content-wrap\">\n\t\t\t<header class=\"entry-header\">\n\t<h2 class=\"entry-title\"><a href=\"https:\/\/falaisesdarmor.bzh\/index.php\/2023\/04\/12\/la-charte-du-voyageur-en-bretagne\/\" rel=\"bookmark\">LA CHARTE DU VOYAGEUR<\/a><\/h2><\/header><!-- .entry-header -->\n\t<div class=\"entry-summary\">\n\t\t<p>Falaises d&#8217;Armor, un territoire r\u00e9solument Breton, pr\u00e9serv\u00e9 et engag\u00e9.<\/p>\n\t<\/div><!-- .entry-summary -->\n\t<footer class=\"entry-footer\">\n\t\t\t<div class=\"entry-actions\">\n\t\t\t<p class=\"more-link-wrap\">\n\t\t\t\t<a href=\"https:\/\/falaisesdarmor.bzh\/index.php\/2023\/04\/12\/la-charte-du-voyageur-en-bretagne\/\" class=\"post-more-link\">\n\t\t\t\t\tEn savoir plus<span class=\"screen-reader-text\"> LA CHARTE DU VOYAGEUR<\/span><span class=\"kadence-svg-iconset svg-baseline\"><svg aria-hidden=\"true\" class=\"kadence-svg-icon kadence-arrow-right-alt-svg\" fill=\"currentColor\" version=\"1.1\" xmlns=\"http:\/\/www.w3.org\/2000\/svg\" width=\"27\" height=\"28\" viewBox=\"0 0 27 28\"><title>Continuer<\/title><path d=\"M27 13.953c0 0.141-0.063 0.281-0.156 0.375l-6 5.531c-0.156 0.141-0.359 0.172-0.547 0.094-0.172-0.078-0.297-0.25-0.297-0.453v-3.5h-19.5c-0.281 0-0.5-0.219-0.5-0.5v-3c0-0.281 0.219-0.5 0.5-0.5h19.5v-3.5c0-0.203 0.109-0.375 0.297-0.453s0.391-0.047 0.547 0.078l6 5.469c0.094 0.094 0.156 0.219 0.156 0.359v0z\"><\/path>\n\t\t\t<\/svg><\/span>\t\t\t\t<\/a>\n\t\t\t<\/p>\n\t\t<\/div><!-- .entry-actions -->\n\t\t<\/footer><!-- .entry-footer -->\t\t<\/div>\n\t<\/article>\n<\/li>\n<li class=\"kb-post-list-item\">\n\t<article class=\"entry content-bg loop-entry post-1397 post type-post status-publish format-standard has-post-thumbnail hentry category-territoire-engage\">\n\t\t\t\t<a aria-hidden=\"true\" tabindex=\"-1\" role=\"presentation\" class=\"post-thumbnail kadence-thumbnail-ratio-2-3\" href=\"https:\/\/falaisesdarmor.bzh\/index.php\/2023\/04\/12\/gourdes-friendly-2\/\" aria-label=\"GOURDES FRIENDLY\">\n\t\t\t<div class=\"post-thumbnail-inner\">\n\t\t\t\t<img loading=\"lazy\" decoding=\"async\" width=\"605\" height=\"604\" src=\"https:\/\/falaisesdarmor.bzh\/wp-content\/uploads\/2023\/03\/macarons.png\" class=\"attachment-medium_large size-medium_large wp-post-image\" alt=\"GOURDES FRIENDLY\" srcset=\"https:\/\/falaisesdarmor.bzh\/wp-content\/uploads\/2023\/03\/macarons.png 605w, https:\/\/falaisesdarmor.bzh\/wp-content\/uploads\/2023\/03\/macarons-300x300.png 300w, https:\/\/falaisesdarmor.bzh\/wp-content\/uploads\/2023\/03\/macarons-150x150.png 150w, https:\/\/falaisesdarmor.bzh\/wp-content\/uploads\/2023\/03\/macarons-365x365.png 365w\" sizes=\"(max-width: 605px) 100vw, 605px\" \/>\t\t\t<\/div>\n\t\t<\/a><!-- .post-thumbnail -->\n\t\t\t\t<div class=\"entry-content-wrap\">\n\t\t\t<header class=\"entry-header\">\n\t<h2 class=\"entry-title\"><a href=\"https:\/\/falaisesdarmor.bzh\/index.php\/2023\/04\/12\/gourdes-friendly-2\/\" rel=\"bookmark\">GOURDES FRIENDLY<\/a><\/h2><\/header><!-- .entry-header -->\n\t<div class=\"entry-summary\">\n\t\t<p>Scannez, buvez !<\/p>\n\t<\/div><!-- .entry-summary -->\n\t<footer class=\"entry-footer\">\n\t\t\t<div class=\"entry-actions\">\n\t\t\t<p class=\"more-link-wrap\">\n\t\t\t\t<a href=\"https:\/\/falaisesdarmor.bzh\/index.php\/2023\/04\/12\/gourdes-friendly-2\/\" class=\"post-more-link\">\n\t\t\t\t\tEn savoir plus<span class=\"screen-reader-text\"> GOURDES FRIENDLY<\/span><span class=\"kadence-svg-iconset svg-baseline\"><svg aria-hidden=\"true\" class=\"kadence-svg-icon kadence-arrow-right-alt-svg\" fill=\"currentColor\" version=\"1.1\" xmlns=\"http:\/\/www.w3.org\/2000\/svg\" width=\"27\" height=\"28\" viewBox=\"0 0 27 28\"><title>Continuer<\/title><path d=\"M27 13.953c0 0.141-0.063 0.281-0.156 0.375l-6 5.531c-0.156 0.141-0.359 0.172-0.547 0.094-0.172-0.078-0.297-0.25-0.297-0.453v-3.5h-19.5c-0.281 0-0.5-0.219-0.5-0.5v-3c0-0.281 0.219-0.5 0.5-0.5h19.5v-3.5c0-0.203 0.109-0.375 0.297-0.453s0.391-0.047 0.547 0.078l6 5.469c0.094 0.094 0.156 0.219 0.156 0.359v0z\"><\/path>\n\t\t\t<\/svg><\/span>\t\t\t\t<\/a>\n\t\t\t<\/p>\n\t\t<\/div><!-- .entry-actions -->\n\t\t<\/footer><!-- .entry-footer -->\t\t<\/div>\n\t<\/article>\n<\/li>\n<\/ul>\n\n","protected":false},"excerpt":{"rendered":"","protected":false},"author":1,"featured_media":0,"parent":0,"menu_order":1,"comment_status":"closed","ping_status":"closed","template":"","meta":{"kt_blocks_editor_width":"","footnotes":""},"class_list":["post-393","page","type-page","status-publish","hentry"],"yoast_head":"<!-- This site is optimized with the Yoast SEO plugin v27.4 - https:\/\/yoast.com\/product\/yoast-seo-wordpress\/ -->\n<title>Territoire engag\u00e9 | Falaises d&#039;Armor<\/title>\n<meta name=\"robots\" content=\"index, follow, max-snippet:-1, max-image-preview:large, max-video-preview:-1\" \/>\n<link rel=\"canonical\" href=\"https:\/\/falaisesdarmor.bzh\/index.php\/territoire-engage\/\" \/>\n<meta property=\"og:locale\" content=\"fr_FR\" \/>\n<meta property=\"og:type\" content=\"article\" \/>\n<meta property=\"og:title\" content=\"Territoire engag\u00e9 | Falaises d&#039;Armor\" \/>\n<meta property=\"og:url\" content=\"https:\/\/falaisesdarmor.bzh\/index.php\/territoire-engage\/\" \/>\n<meta property=\"og:site_name\" content=\"Falaises d&#039;Armor\" \/>\n<meta property=\"article:publisher\" content=\"https:\/\/www.facebook.com\/FalaisesdArmor\" \/>\n<meta property=\"article:modified_time\" content=\"2022-10-10T09:01:48+00:00\" \/>\n<meta name=\"twitter:card\" content=\"summary_large_image\" \/>\n<meta name=\"twitter:site\" content=\"@Falaisesdarmor\" \/>\n<script type=\"application\/ld+json\" class=\"yoast-schema-graph\">{\"@context\":\"https:\\\/\\\/schema.org\",\"@graph\":[{\"@type\":\"WebPage\",\"@id\":\"https:\\\/\\\/falaisesdarmor.bzh\\\/index.php\\\/territoire-engage\\\/\",\"url\":\"https:\\\/\\\/falaisesdarmor.bzh\\\/index.php\\\/territoire-engage\\\/\",\"name\":\"Territoire engag\u00e9 | Falaises d&#039;Armor\",\"isPartOf\":{\"@id\":\"https:\\\/\\\/falaisesdarmor.bzh\\\/#website\"},\"datePublished\":\"2022-10-06T13:34:19+00:00\",\"dateModified\":\"2022-10-10T09:01:48+00:00\",\"breadcrumb\":{\"@id\":\"https:\\\/\\\/falaisesdarmor.bzh\\\/index.php\\\/territoire-engage\\\/#breadcrumb\"},\"inLanguage\":\"fr-FR\",\"potentialAction\":[{\"@type\":\"ReadAction\",\"target\":[\"https:\\\/\\\/falaisesdarmor.bzh\\\/index.php\\\/territoire-engage\\\/\"]}]},{\"@type\":\"BreadcrumbList\",\"@id\":\"https:\\\/\\\/falaisesdarmor.bzh\\\/index.php\\\/territoire-engage\\\/#breadcrumb\",\"itemListElement\":[{\"@type\":\"ListItem\",\"position\":1,\"name\":\"Accueil\",\"item\":\"https:\\\/\\\/falaisesdarmor.bzh\\\/\"},{\"@type\":\"ListItem\",\"position\":2,\"name\":\"Territoire engag\u00e9\"}]},{\"@type\":\"WebSite\",\"@id\":\"https:\\\/\\\/falaisesdarmor.bzh\\\/#website\",\"url\":\"https:\\\/\\\/falaisesdarmor.bzh\\\/\",\"name\":\"Falaises d&#039;Armor\",\"description\":\": Pur BZH!\",\"publisher\":{\"@id\":\"https:\\\/\\\/falaisesdarmor.bzh\\\/#organization\"},\"potentialAction\":[{\"@type\":\"SearchAction\",\"target\":{\"@type\":\"EntryPoint\",\"urlTemplate\":\"https:\\\/\\\/falaisesdarmor.bzh\\\/?s={search_term_string}\"},\"query-input\":{\"@type\":\"PropertyValueSpecification\",\"valueRequired\":true,\"valueName\":\"search_term_string\"}}],\"inLanguage\":\"fr-FR\"},{\"@type\":\"Organization\",\"@id\":\"https:\\\/\\\/falaisesdarmor.bzh\\\/#organization\",\"name\":\"Falaises d&#039;Armor\",\"url\":\"https:\\\/\\\/falaisesdarmor.bzh\\\/\",\"logo\":{\"@type\":\"ImageObject\",\"inLanguage\":\"fr-FR\",\"@id\":\"https:\\\/\\\/falaisesdarmor.bzh\\\/#\\\/schema\\\/logo\\\/image\\\/\",\"url\":\"https:\\\/\\\/falaisesdarmor.bzh\\\/wp-content\\\/uploads\\\/2022\\\/04\\\/cropped-Logo_Falaise_Armor.png\",\"contentUrl\":\"https:\\\/\\\/falaisesdarmor.bzh\\\/wp-content\\\/uploads\\\/2022\\\/04\\\/cropped-Logo_Falaise_Armor.png\",\"width\":214,\"height\":187,\"caption\":\"Falaises d&#039;Armor\"},\"image\":{\"@id\":\"https:\\\/\\\/falaisesdarmor.bzh\\\/#\\\/schema\\\/logo\\\/image\\\/\"},\"sameAs\":[\"https:\\\/\\\/www.facebook.com\\\/FalaisesdArmor\",\"https:\\\/\\\/x.com\\\/Falaisesdarmor\"]}]}<\/script>\n<!-- \/ Yoast SEO plugin. -->","yoast_head_json":{"title":"Territoire engag\u00e9 | Falaises d&#039;Armor","robots":{"index":"index","follow":"follow","max-snippet":"max-snippet:-1","max-image-preview":"max-image-preview:large","max-video-preview":"max-video-preview:-1"},"canonical":"https:\/\/falaisesdarmor.bzh\/index.php\/territoire-engage\/","og_locale":"fr_FR","og_type":"article","og_title":"Territoire engag\u00e9 | Falaises d&#039;Armor","og_url":"https:\/\/falaisesdarmor.bzh\/index.php\/territoire-engage\/","og_site_name":"Falaises d&#039;Armor","article_publisher":"https:\/\/www.facebook.com\/FalaisesdArmor","article_modified_time":"2022-10-10T09:01:48+00:00","twitter_card":"summary_large_image","twitter_site":"@Falaisesdarmor","schema":{"@context":"https:\/\/schema.org","@graph":[{"@type":"WebPage","@id":"https:\/\/falaisesdarmor.bzh\/index.php\/territoire-engage\/","url":"https:\/\/falaisesdarmor.bzh\/index.php\/territoire-engage\/","name":"Territoire engag\u00e9 | Falaises d&#039;Armor","isPartOf":{"@id":"https:\/\/falaisesdarmor.bzh\/#website"},"datePublished":"2022-10-06T13:34:19+00:00","dateModified":"2022-10-10T09:01:48+00:00","breadcrumb":{"@id":"https:\/\/falaisesdarmor.bzh\/index.php\/territoire-engage\/#breadcrumb"},"inLanguage":"fr-FR","potentialAction":[{"@type":"ReadAction","target":["https:\/\/falaisesdarmor.bzh\/index.php\/territoire-engage\/"]}]},{"@type":"BreadcrumbList","@id":"https:\/\/falaisesdarmor.bzh\/index.php\/territoire-engage\/#breadcrumb","itemListElement":[{"@type":"ListItem","position":1,"name":"Accueil","item":"https:\/\/falaisesdarmor.bzh\/"},{"@type":"ListItem","position":2,"name":"Territoire engag\u00e9"}]},{"@type":"WebSite","@id":"https:\/\/falaisesdarmor.bzh\/#website","url":"https:\/\/falaisesdarmor.bzh\/","name":"Falaises d&#039;Armor","description":": Pur BZH!","publisher":{"@id":"https:\/\/falaisesdarmor.bzh\/#organization"},"potentialAction":[{"@type":"SearchAction","target":{"@type":"EntryPoint","urlTemplate":"https:\/\/falaisesdarmor.bzh\/?s={search_term_string}"},"query-input":{"@type":"PropertyValueSpecification","valueRequired":true,"valueName":"search_term_string"}}],"inLanguage":"fr-FR"},{"@type":"Organization","@id":"https:\/\/falaisesdarmor.bzh\/#organization","name":"Falaises d&#039;Armor","url":"https:\/\/falaisesdarmor.bzh\/","logo":{"@type":"ImageObject","inLanguage":"fr-FR","@id":"https:\/\/falaisesdarmor.bzh\/#\/schema\/logo\/image\/","url":"https:\/\/falaisesdarmor.bzh\/wp-content\/uploads\/2022\/04\/cropped-Logo_Falaise_Armor.png","contentUrl":"https:\/\/falaisesdarmor.bzh\/wp-content\/uploads\/2022\/04\/cropped-Logo_Falaise_Armor.png","width":214,"height":187,"caption":"Falaises d&#039;Armor"},"image":{"@id":"https:\/\/falaisesdarmor.bzh\/#\/schema\/logo\/image\/"},"sameAs":["https:\/\/www.facebook.com\/FalaisesdArmor","https:\/\/x.com\/Falaisesdarmor"]}]}},"_links":{"self":[{"href":"https:\/\/falaisesdarmor.bzh\/index.php\/wp-json\/wp\/v2\/pages\/393","targetHints":{"allow":["GET"]}}],"collection":[{"href":"https:\/\/falaisesdarmor.bzh\/index.php\/wp-json\/wp\/v2\/pages"}],"about":[{"href":"https:\/\/falaisesdarmor.bzh\/index.php\/wp-json\/wp\/v2\/types\/page"}],"author":[{"embeddable":true,"href":"https:\/\/falaisesdarmor.bzh\/index.php\/wp-json\/wp\/v2\/users\/1"}],"replies":[{"embeddable":true,"href":"https:\/\/falaisesdarmor.bzh\/index.php\/wp-json\/wp\/v2\/comments?post=393"}],"version-history":[{"count":2,"href":"https:\/\/falaisesdarmor.bzh\/index.php\/wp-json\/wp\/v2\/pages\/393\/revisions"}],"predecessor-version":[{"id":572,"href":"https:\/\/falaisesdarmor.bzh\/index.php\/wp-json\/wp\/v2\/pages\/393\/revisions\/572"}],"wp:attachment":[{"href":"https:\/\/falaisesdarmor.bzh\/index.php\/wp-json\/wp\/v2\/media?parent=393"}],"curies":[{"name":"wp","href":"https:\/\/api.w.org\/{rel}","templated":true}]}}