{"id":387,"date":"2022-10-06T15:25:11","date_gmt":"2022-10-06T13:25:11","guid":{"rendered":"http:\/\/192.168.1.3\/Preprod_OT\/?page_id=387"},"modified":"2025-11-18T16:08:33","modified_gmt":"2025-11-18T15:08:33","slug":"mentions-legales","status":"publish","type":"page","link":"https:\/\/falaisesdarmor.bzh\/index.php\/mentions-legales\/","title":{"rendered":"Mentions l\u00e9gales"},"content":{"rendered":"<p><\/p>\n<p>Le site\u00a0<a href=\"http:\/\/falaisesdarmor.bzh\/\">falaisesdarmor.bzh<\/a>\u00a0est la propri\u00e9t\u00e9 de<br \/>L\u2019Office de Tourisme Falaises d\u2019Armor<br \/>Adresse : <br \/>SPL Falaises d&#8217;Armor<br \/>Z.A. du Ponl\u00f4<br \/>22290 Lanvollon <br \/>T\u00e9l\u00e9phone : 02 96 70 12 47<br \/>Email\u00a0:\u00a0<a href=\"mailto:contact@falaisesdarmor.bzh\">contact@falaisesdarmor.bzh<\/a><\/p>\n<p><\/p>\n<p><strong>Directeur de la Publication<\/strong>\u00a0: Leff Armor communaut\u00e9<\/p>\n<p><\/p>\n<p><strong>Conception &#8211; R\u00e9alisation &#8211; Maintenance\u00a0:<\/strong><br \/>Service Informatique de Leff Armor Communaut\u00e9 &#8211; Moulin de Blanchardeau &#8211; 22290 LANVOLLON 02.96.70.17.04<\/p>\n<p><\/p>\n<p><\/p>\n<p><strong>H\u00e9bergement<\/strong> :OVH &#8211; 2 rue Kellermann &#8211; 59100 Roubaix &#8211; France.<br \/>T\u00e9l\u00e9phone: 09 72 10 10 07<\/p>\n<p><strong>Cr\u00e9dits photographiques<\/strong><br \/>Les photos pr\u00e9sentes sur ce site proviennent de sources diff\u00e9rentes :<br \/>Marc Qu\u00e9r\u00e9, Erwan Lancien, Gnome Prod, Emmanuel Berthier, UTL de Leff Armor Communaut\u00e9.<br \/><\/p>\n<p><\/p>\n<p><strong>RGPD:<\/strong><br \/>Au titre de l\u2019article 13 de RGPD, vous disposez d\u2019un droit d\u2019acc\u00e8s et de rectification des donn\u00e9es personnelles vous concernant collect\u00e9es sur ce site. Pour l\u2019exercer, il vous suffit de nous contacter :<br \/><em>soit par courrier\u00a0:<\/em><br \/>Office de Tourisme Falaises d\u2019Armor<br \/>Z.A. du Ponl\u00f4<br \/>22290 Lanvollon <br \/>T\u00e9l\u00e9phone : 02 96 70 12 47<br \/><em>soit par e-mail\u00a0:<\/em><br \/><a href=\"mailto:contact@falaisesdarmor.bzh\">contact@falaisesdarmor.bzh<\/a><\/p>\n<p><\/p>\n<p>L\u2019ensemble des \u00e9l\u00e9ments de ce site, en particulier sa pr\u00e9sentation, ses textes, ses illustrations ne peut faire l\u2019objet d\u2019une quelconque modification, alt\u00e9ration, reproduction partielle ou totale et, plus g\u00e9n\u00e9ralement, d\u2019aucune exploitation, sans l\u2019accord express de L\u2019Office de Tourisme Falaises d\u2019Armor.<br \/>Les photos pr\u00e9sent\u00e9es \u00e0 titre d\u2019illustration n\u2019ont pas de valeur contractuelles.<\/p>\n<p><\/p>\n<p><strong>Cr\u00e9dits photos\u00a0<\/strong>\u00a0: Falaises d\u2019Armor tous droits r\u00e9serv\u00e9s<\/p>\n<p><\/p>\n<p>Les informations publi\u00e9es sont r\u00e9guli\u00e8rement v\u00e9rifi\u00e9es. Les informations techniques qui se trouvent sur ce site n\u2019ont qu\u2019une valeur informative et sont susceptibles d\u2019\u00e9voluer. L\u2019Office de Tourisme Falaises d\u2019Armor ne peut \u00eatre tenu responsable de l\u2019interpr\u00e9tation que vous pourriez faire des informations contenues dans ce site.<br \/>Pour signaler une erreur ou demander la rectification d\u2019informations, n\u2019h\u00e9sitez pas \u00e0 nous contacter\u00a0:\u00a0<a href=\"mailto:contact@falaisesdarmor.bzh\">contact@falaisesdarmor.bzh<\/a><\/p>\n<p><\/p>\n<p>Les liens propos\u00e9s vers d\u2019autres sites sont communiqu\u00e9s \u00e0 titre indicatif et ne sauraient engager la responsabilit\u00e9 de L\u2019office de Tourisme Falaises d\u2019Armor quant \u00e0 leur contenu.<\/p>\n<p><\/p>\n<p><strong>Newsletter\u00a0:<\/strong><\/p>\n<p><\/p>\n<p>En remplissant le formulaire d\u2019inscription \u00e0 la newsletter, vous acceptez de recevoir les informations sur la destination par l\u2019Office de Tourisme Falaises d\u2019Armor et\/ou sur les C\u00f4tes d\u2019Armor par C\u00f4tes d\u2019Armor Destination.<\/p>\n<p><\/p>\n<p>Lorsque vous compl\u00e9tez le formulaire d\u2019inscription \u00e0 notre newsletter, les donn\u00e9es conserv\u00e9es sont les suivantes\u00a0:<\/p>\n<p><\/p>\n<p>&#8211; Adresse de courriel<\/p>\n<p><\/p>\n<p>&#8211; Nom, pr\u00e9nom<\/p>\n<p><\/p>\n<p>&#8211; Code postal, commune<\/p>\n<p><\/p>\n<p>Ces donn\u00e9es alimentent notre base prospects partag\u00e9e avec C\u00f4tes d\u2019Armor Destination qui applique leur politique de confidentialit\u00e9. C\u00f4tes d\u2019Armor Destination est l\u2019agence de d\u00e9veloppement et d\u2019attractivit\u00e9 touristique des C\u00f4tes d\u2019Armor.<\/p>\n<p><\/p>\n<p><strong>Destinataires de vos donn\u00e9es, stockage et s\u00e9curit\u00e9\u00a0:<\/strong><\/p>\n<p><\/p>\n<p>Les donn\u00e9es personnelles collect\u00e9es via nos services sont destin\u00e9es au seul usage de l\u2019Office de Tourisme Falaises d\u2019Armor et\/ou de C\u00f4tes d\u2019Armor Destination. Les donn\u00e9es personnelles peuvent \u00eatre sous-trait\u00e9es notamment \u00e0 des fins de stockage. Elles le restent en tout cas conform\u00e9ment aux finalit\u00e9s d\u00e9finies par l\u2019Office de Tourisme Falaises d\u2019Armor et C\u00f4tes d\u2019Armor Destination. La soci\u00e9t\u00e9 sous-traitante ne peut en aucune fa\u00e7on exploiter vos donn\u00e9es personnelles pour d\u2019autres finalit\u00e9s sans votre consentement expr\u00e8s.<\/p>\n<p><\/p>\n<p>Vos donn\u00e9es personnelles seront conserv\u00e9es pendant 3 ans, \u00e0 l\u2019issue de cette p\u00e9riode nous vous questionnerons \u00e0 nouveau sur votre r\u00e9inscription ou non, sur la mise \u00e0 jour de vos informations le cas \u00e9ch\u00e9ant ou sur la suppression de ces donn\u00e9es.<\/p>\n<p><\/p>","protected":false},"excerpt":{"rendered":"<p>Le site\u00a0falaisesdarmor.bzh\u00a0est la propri\u00e9t\u00e9 deL\u2019Office de Tourisme Falaises d\u2019ArmorAdresse : SPL Falaises d&#8217;ArmorZ.A. du Ponl\u00f422290 Lanvollon T\u00e9l\u00e9phone : 02 96 70 12 47Email\u00a0:\u00a0contact@falaisesdarmor.bzh Directeur de la Publication\u00a0: Leff Armor communaut\u00e9 Conception &#8211; R\u00e9alisation &#8211; Maintenance\u00a0:Service Informatique de Leff Armor Communaut\u00e9 &hellip; <a href=\"https:\/\/falaisesdarmor.bzh\/index.php\/mentions-legales\/\">Lire la suite\u00ad\u00ad<\/a><\/p>\n","protected":false},"author":4,"featured_media":0,"parent":0,"menu_order":0,"comment_status":"closed","ping_status":"closed","template":"","meta":{"kt_blocks_editor_width":"","footnotes":""},"class_list":["post-387","page","type-page","status-publish","hentry"],"yoast_head":"<!-- This site is optimized with the Yoast SEO plugin v27.4 - https:\/\/yoast.com\/product\/yoast-seo-wordpress\/ -->\n<title>Mentions l\u00e9gales | Falaises d&#039;Armor<\/title>\n<meta name=\"robots\" content=\"index, follow, max-snippet:-1, max-image-preview:large, max-video-preview:-1\" \/>\n<link rel=\"canonical\" href=\"https:\/\/falaisesdarmor.bzh\/index.php\/mentions-legales\/\" \/>\n<meta property=\"og:locale\" content=\"fr_FR\" \/>\n<meta property=\"og:type\" content=\"article\" \/>\n<meta property=\"og:title\" content=\"Mentions l\u00e9gales | Falaises d&#039;Armor\" \/>\n<meta property=\"og:description\" content=\"Le site\u00a0falaisesdarmor.bzh\u00a0est la propri\u00e9t\u00e9 deL\u2019Office de Tourisme Falaises d\u2019ArmorAdresse : SPL Falaises d&#8217;ArmorZ.A. du Ponl\u00f422290 Lanvollon T\u00e9l\u00e9phone : 02 96 70 12 47Email\u00a0:\u00a0contact@falaisesdarmor.bzh Directeur de la Publication\u00a0: Leff Armor communaut\u00e9 Conception &#8211; R\u00e9alisation &#8211; Maintenance\u00a0:Service Informatique de Leff Armor Communaut\u00e9 &hellip; Lire la suite\u00ad\u00ad\" \/>\n<meta property=\"og:url\" content=\"https:\/\/falaisesdarmor.bzh\/index.php\/mentions-legales\/\" \/>\n<meta property=\"og:site_name\" content=\"Falaises d&#039;Armor\" \/>\n<meta property=\"article:publisher\" content=\"https:\/\/www.facebook.com\/FalaisesdArmor\" \/>\n<meta property=\"article:modified_time\" content=\"2025-11-18T15:08:33+00:00\" \/>\n<meta name=\"twitter:card\" content=\"summary_large_image\" \/>\n<meta name=\"twitter:site\" content=\"@Falaisesdarmor\" \/>\n<meta name=\"twitter:label1\" content=\"Dur\u00e9e de lecture estim\u00e9e\" \/>\n\t<meta name=\"twitter:data1\" content=\"3 minutes\" \/>\n<script type=\"application\/ld+json\" class=\"yoast-schema-graph\">{\"@context\":\"https:\\\/\\\/schema.org\",\"@graph\":[{\"@type\":\"WebPage\",\"@id\":\"https:\\\/\\\/falaisesdarmor.bzh\\\/index.php\\\/mentions-legales\\\/\",\"url\":\"https:\\\/\\\/falaisesdarmor.bzh\\\/index.php\\\/mentions-legales\\\/\",\"name\":\"Mentions l\u00e9gales | Falaises d&#039;Armor\",\"isPartOf\":{\"@id\":\"https:\\\/\\\/falaisesdarmor.bzh\\\/#website\"},\"datePublished\":\"2022-10-06T13:25:11+00:00\",\"dateModified\":\"2025-11-18T15:08:33+00:00\",\"breadcrumb\":{\"@id\":\"https:\\\/\\\/falaisesdarmor.bzh\\\/index.php\\\/mentions-legales\\\/#breadcrumb\"},\"inLanguage\":\"fr-FR\",\"potentialAction\":[{\"@type\":\"ReadAction\",\"target\":[\"https:\\\/\\\/falaisesdarmor.bzh\\\/index.php\\\/mentions-legales\\\/\"]}]},{\"@type\":\"BreadcrumbList\",\"@id\":\"https:\\\/\\\/falaisesdarmor.bzh\\\/index.php\\\/mentions-legales\\\/#breadcrumb\",\"itemListElement\":[{\"@type\":\"ListItem\",\"position\":1,\"name\":\"Accueil\",\"item\":\"https:\\\/\\\/falaisesdarmor.bzh\\\/\"},{\"@type\":\"ListItem\",\"position\":2,\"name\":\"Mentions l\u00e9gales\"}]},{\"@type\":\"WebSite\",\"@id\":\"https:\\\/\\\/falaisesdarmor.bzh\\\/#website\",\"url\":\"https:\\\/\\\/falaisesdarmor.bzh\\\/\",\"name\":\"Falaises d&#039;Armor\",\"description\":\": Pur BZH!\",\"publisher\":{\"@id\":\"https:\\\/\\\/falaisesdarmor.bzh\\\/#organization\"},\"potentialAction\":[{\"@type\":\"SearchAction\",\"target\":{\"@type\":\"EntryPoint\",\"urlTemplate\":\"https:\\\/\\\/falaisesdarmor.bzh\\\/?s={search_term_string}\"},\"query-input\":{\"@type\":\"PropertyValueSpecification\",\"valueRequired\":true,\"valueName\":\"search_term_string\"}}],\"inLanguage\":\"fr-FR\"},{\"@type\":\"Organization\",\"@id\":\"https:\\\/\\\/falaisesdarmor.bzh\\\/#organization\",\"name\":\"Falaises d&#039;Armor\",\"url\":\"https:\\\/\\\/falaisesdarmor.bzh\\\/\",\"logo\":{\"@type\":\"ImageObject\",\"inLanguage\":\"fr-FR\",\"@id\":\"https:\\\/\\\/falaisesdarmor.bzh\\\/#\\\/schema\\\/logo\\\/image\\\/\",\"url\":\"https:\\\/\\\/falaisesdarmor.bzh\\\/wp-content\\\/uploads\\\/2022\\\/04\\\/cropped-Logo_Falaise_Armor.png\",\"contentUrl\":\"https:\\\/\\\/falaisesdarmor.bzh\\\/wp-content\\\/uploads\\\/2022\\\/04\\\/cropped-Logo_Falaise_Armor.png\",\"width\":214,\"height\":187,\"caption\":\"Falaises d&#039;Armor\"},\"image\":{\"@id\":\"https:\\\/\\\/falaisesdarmor.bzh\\\/#\\\/schema\\\/logo\\\/image\\\/\"},\"sameAs\":[\"https:\\\/\\\/www.facebook.com\\\/FalaisesdArmor\",\"https:\\\/\\\/x.com\\\/Falaisesdarmor\"]}]}<\/script>\n<!-- \/ Yoast SEO plugin. -->","yoast_head_json":{"title":"Mentions l\u00e9gales | Falaises d&#039;Armor","robots":{"index":"index","follow":"follow","max-snippet":"max-snippet:-1","max-image-preview":"max-image-preview:large","max-video-preview":"max-video-preview:-1"},"canonical":"https:\/\/falaisesdarmor.bzh\/index.php\/mentions-legales\/","og_locale":"fr_FR","og_type":"article","og_title":"Mentions l\u00e9gales | Falaises d&#039;Armor","og_description":"Le site\u00a0falaisesdarmor.bzh\u00a0est la propri\u00e9t\u00e9 deL\u2019Office de Tourisme Falaises d\u2019ArmorAdresse : SPL Falaises d&#8217;ArmorZ.A. du Ponl\u00f422290 Lanvollon T\u00e9l\u00e9phone : 02 96 70 12 47Email\u00a0:\u00a0contact@falaisesdarmor.bzh Directeur de la Publication\u00a0: Leff Armor communaut\u00e9 Conception &#8211; R\u00e9alisation &#8211; Maintenance\u00a0:Service Informatique de Leff Armor Communaut\u00e9 &hellip; Lire la suite\u00ad\u00ad","og_url":"https:\/\/falaisesdarmor.bzh\/index.php\/mentions-legales\/","og_site_name":"Falaises d&#039;Armor","article_publisher":"https:\/\/www.facebook.com\/FalaisesdArmor","article_modified_time":"2025-11-18T15:08:33+00:00","twitter_card":"summary_large_image","twitter_site":"@Falaisesdarmor","twitter_misc":{"Dur\u00e9e de lecture estim\u00e9e":"3 minutes"},"schema":{"@context":"https:\/\/schema.org","@graph":[{"@type":"WebPage","@id":"https:\/\/falaisesdarmor.bzh\/index.php\/mentions-legales\/","url":"https:\/\/falaisesdarmor.bzh\/index.php\/mentions-legales\/","name":"Mentions l\u00e9gales | Falaises d&#039;Armor","isPartOf":{"@id":"https:\/\/falaisesdarmor.bzh\/#website"},"datePublished":"2022-10-06T13:25:11+00:00","dateModified":"2025-11-18T15:08:33+00:00","breadcrumb":{"@id":"https:\/\/falaisesdarmor.bzh\/index.php\/mentions-legales\/#breadcrumb"},"inLanguage":"fr-FR","potentialAction":[{"@type":"ReadAction","target":["https:\/\/falaisesdarmor.bzh\/index.php\/mentions-legales\/"]}]},{"@type":"BreadcrumbList","@id":"https:\/\/falaisesdarmor.bzh\/index.php\/mentions-legales\/#breadcrumb","itemListElement":[{"@type":"ListItem","position":1,"name":"Accueil","item":"https:\/\/falaisesdarmor.bzh\/"},{"@type":"ListItem","position":2,"name":"Mentions l\u00e9gales"}]},{"@type":"WebSite","@id":"https:\/\/falaisesdarmor.bzh\/#website","url":"https:\/\/falaisesdarmor.bzh\/","name":"Falaises d&#039;Armor","description":": Pur BZH!","publisher":{"@id":"https:\/\/falaisesdarmor.bzh\/#organization"},"potentialAction":[{"@type":"SearchAction","target":{"@type":"EntryPoint","urlTemplate":"https:\/\/falaisesdarmor.bzh\/?s={search_term_string}"},"query-input":{"@type":"PropertyValueSpecification","valueRequired":true,"valueName":"search_term_string"}}],"inLanguage":"fr-FR"},{"@type":"Organization","@id":"https:\/\/falaisesdarmor.bzh\/#organization","name":"Falaises d&#039;Armor","url":"https:\/\/falaisesdarmor.bzh\/","logo":{"@type":"ImageObject","inLanguage":"fr-FR","@id":"https:\/\/falaisesdarmor.bzh\/#\/schema\/logo\/image\/","url":"https:\/\/falaisesdarmor.bzh\/wp-content\/uploads\/2022\/04\/cropped-Logo_Falaise_Armor.png","contentUrl":"https:\/\/falaisesdarmor.bzh\/wp-content\/uploads\/2022\/04\/cropped-Logo_Falaise_Armor.png","width":214,"height":187,"caption":"Falaises d&#039;Armor"},"image":{"@id":"https:\/\/falaisesdarmor.bzh\/#\/schema\/logo\/image\/"},"sameAs":["https:\/\/www.facebook.com\/FalaisesdArmor","https:\/\/x.com\/Falaisesdarmor"]}]}},"_links":{"self":[{"href":"https:\/\/falaisesdarmor.bzh\/index.php\/wp-json\/wp\/v2\/pages\/387","targetHints":{"allow":["GET"]}}],"collection":[{"href":"https:\/\/falaisesdarmor.bzh\/index.php\/wp-json\/wp\/v2\/pages"}],"about":[{"href":"https:\/\/falaisesdarmor.bzh\/index.php\/wp-json\/wp\/v2\/types\/page"}],"author":[{"embeddable":true,"href":"https:\/\/falaisesdarmor.bzh\/index.php\/wp-json\/wp\/v2\/users\/4"}],"replies":[{"embeddable":true,"href":"https:\/\/falaisesdarmor.bzh\/index.php\/wp-json\/wp\/v2\/comments?post=387"}],"version-history":[{"count":15,"href":"https:\/\/falaisesdarmor.bzh\/index.php\/wp-json\/wp\/v2\/pages\/387\/revisions"}],"predecessor-version":[{"id":3332,"href":"https:\/\/falaisesdarmor.bzh\/index.php\/wp-json\/wp\/v2\/pages\/387\/revisions\/3332"}],"wp:attachment":[{"href":"https:\/\/falaisesdarmor.bzh\/index.php\/wp-json\/wp\/v2\/media?parent=387"}],"curies":[{"name":"wp","href":"https:\/\/api.w.org\/{rel}","templated":true}]}}